{"id":7418,"date":"2025-08-20T21:06:27","date_gmt":"2025-08-21T00:06:27","guid":{"rendered":"https:\/\/cartaamazonia.com.br\/carta-maps-cop30\/?page_id=7418"},"modified":"2025-09-02T21:30:56","modified_gmt":"2025-09-03T00:30:56","slug":"contato","status":"publish","type":"page","link":"https:\/\/cartaamazonia.com.br\/carta-maps-cop30\/contato\/","title":{"rendered":"Contato"},"content":{"rendered":"\t\t<div data-elementor-type=\"wp-page\" data-elementor-id=\"7418\" class=\"elementor elementor-7418\" data-elementor-post-type=\"page\">\n\t\t\t\t<div class=\"elementor-element elementor-element-4ee437d e-flex e-con-boxed e-con e-parent\" data-id=\"4ee437d\" data-element_type=\"container\">\n\t\t\t\t\t<div class=\"e-con-inner\">\n\t\t\t\t<div class=\"elementor-element elementor-element-17d6340 exad-sticky-section-no exad-glass-effect-no elementor-widget elementor-widget-heading\" data-id=\"17d6340\" data-element_type=\"widget\" data-widget_type=\"heading.default\">\n\t\t\t\t\t<h2 class=\"elementor-heading-title elementor-size-default\">\n <span style=\"color:#ac300e\">CONTATO<\/span><\/h2>\t\t\t\t<\/div>\n\t\t\t\t\t<\/div>\n\t\t\t\t<\/div>\n\t\t<div class=\"elementor-element elementor-element-5aa77b9e e-flex e-con-boxed e-con e-parent\" data-id=\"5aa77b9e\" data-element_type=\"container\" data-settings=\"{&quot;background_background&quot;:&quot;classic&quot;}\">\n\t\t\t\t\t<div class=\"e-con-inner\">\n\t\t<div class=\"elementor-element elementor-element-5e72536d e-grid e-con-boxed e-con e-child\" data-id=\"5e72536d\" data-element_type=\"container\">\n\t\t\t\t\t<div class=\"e-con-inner\">\n\t\t\t\t<div class=\"elementor-element elementor-element-3da768dc ot-view-stacked ot-position-top exad-sticky-section-no exad-glass-effect-no elementor-widget elementor-widget-iiconbox\" data-id=\"3da768dc\" data-element_type=\"widget\" data-widget_type=\"iiconbox.default\">\n\t\t\t\t<div class=\"elementor-widget-container\">\n\t\t\t\t\t\t\t<div class=\"ot-icon-box\">\r\n\t\t\t<div class=\"ot-icon-box__icon\">\r\n\t\t    \t\t\t    \t\t    \t\t\t    \t\t\t<i aria-hidden=\"true\" class=\" uil-phone\"><\/i>\t    \t\t\t    \t\t\t        <\/div>\r\n\t        <div class=\"ot-icon-box__content\">\r\n\t        \t<h4 class=\"icon-box-title\"><a href=\"tel:+55 091 98175-1288 \">Fone<\/a><\/h4>\t        \t\t\t\t\t\t\t\t\t\t        \t<div class=\"icon-box-btn\">\r\n\t        \t\t<a href=\"tel:+55%20091%2098175-1288%20\">(91) 98175-1288 <\/a>\r\n\t        \t<\/div>\r\n\t        \t\t\r\n\t\t\t\t\t\t\t<\/div>\r\n\t    <\/div>\r\n\t    \t\t\t\t<\/div>\n\t\t\t\t<\/div>\n\t\t\t\t<div class=\"elementor-element elementor-element-1b4390f ot-view-stacked ot-position-top exad-sticky-section-no exad-glass-effect-no elementor-widget elementor-widget-iiconbox\" data-id=\"1b4390f\" data-element_type=\"widget\" data-widget_type=\"iiconbox.default\">\n\t\t\t\t<div class=\"elementor-widget-container\">\n\t\t\t\t\t\t\t<div class=\"ot-icon-box\">\r\n\t\t\t<div class=\"ot-icon-box__icon\">\r\n\t\t    \t\t\t    \t\t    \t\t\t    \t\t\t<i aria-hidden=\"true\" class=\" uil-envelope\"><\/i>\t    \t\t\t    \t\t\t        <\/div>\r\n\t        <div class=\"ot-icon-box__content\">\r\n\t        \t<h4 class=\"icon-box-title\"><a href=\"mailto:cartamaz\u00f4nia@gmail.com\">Email<\/a><\/h4>\t        \t\t\t\t\t\t\t\t\t\t        \t<div class=\"icon-box-btn\">\r\n\t        \t\t<a href=\"mailto:cartamaz\u00f4nia@gmail.com\">cartamaz\u00f4nia@gmail.com<\/a>\r\n\t        \t<\/div>\r\n\t        \t\t\r\n\t\t\t\t\t\t\t<\/div>\r\n\t    <\/div>\r\n\t    \t\t\t\t<\/div>\n\t\t\t\t<\/div>\n\t\t\t\t<div class=\"elementor-element elementor-element-2a238a8a ot-view-stacked ot-position-top exad-sticky-section-no exad-glass-effect-no elementor-widget elementor-widget-iiconbox\" data-id=\"2a238a8a\" data-element_type=\"widget\" data-widget_type=\"iiconbox.default\">\n\t\t\t\t<div class=\"elementor-widget-container\">\n\t\t\t\t\t\t\t<div class=\"ot-icon-box\">\r\n\t\t\t<div class=\"ot-icon-box__icon\">\r\n\t\t    \t\t\t    \t\t    \t\t\t    \t\t\t<i aria-hidden=\"true\" class=\" uil-map-marker\"><\/i>\t    \t\t\t    \t\t\t        <\/div>\r\n\t        <div class=\"ot-icon-box__content\">\r\n\t        \t<h4 class=\"icon-box-title\">Localiza\u00e7\u00e3o<\/h4>\t        \t\t\t\t\t<div class=\"icon-box-des\">Travessa Nove de Janeiro, 3543 \u2013 Condor, Bel\u00e9m-PA<\/div>\t\t\t\t\t\r\n\t\t\t\t\t\t\t<\/div>\r\n\t    <\/div>\r\n\t    \t\t\t\t<\/div>\n\t\t\t\t<\/div>\n\t\t\t\t\t<\/div>\n\t\t\t\t<\/div>\n\t\t\t\t\t<\/div>\n\t\t\t\t<\/div>\n\t\t\t\t<\/div>\n\t\t","protected":false},"excerpt":{"rendered":"<p>CONTATO Fone (91) 98175-1288 Email cartamaz\u00f4nia@gmail.com Localiza\u00e7\u00e3o Travessa Nove de Janeiro, 3543 \u2013 Condor, Bel\u00e9m-PA<\/p>\n","protected":false},"author":1,"featured_media":0,"parent":0,"menu_order":0,"comment_status":"closed","ping_status":"closed","template":"","meta":{"footnotes":""},"class_list":["post-7418","page","type-page","status-publish","hentry"],"_links":{"self":[{"href":"https:\/\/cartaamazonia.com.br\/carta-maps-cop30\/wp-json\/wp\/v2\/pages\/7418","targetHints":{"allow":["GET"]}}],"collection":[{"href":"https:\/\/cartaamazonia.com.br\/carta-maps-cop30\/wp-json\/wp\/v2\/pages"}],"about":[{"href":"https:\/\/cartaamazonia.com.br\/carta-maps-cop30\/wp-json\/wp\/v2\/types\/page"}],"author":[{"embeddable":true,"href":"https:\/\/cartaamazonia.com.br\/carta-maps-cop30\/wp-json\/wp\/v2\/users\/1"}],"replies":[{"embeddable":true,"href":"https:\/\/cartaamazonia.com.br\/carta-maps-cop30\/wp-json\/wp\/v2\/comments?post=7418"}],"version-history":[{"count":28,"href":"https:\/\/cartaamazonia.com.br\/carta-maps-cop30\/wp-json\/wp\/v2\/pages\/7418\/revisions"}],"predecessor-version":[{"id":8139,"href":"https:\/\/cartaamazonia.com.br\/carta-maps-cop30\/wp-json\/wp\/v2\/pages\/7418\/revisions\/8139"}],"wp:attachment":[{"href":"https:\/\/cartaamazonia.com.br\/carta-maps-cop30\/wp-json\/wp\/v2\/media?parent=7418"}],"curies":[{"name":"wp","href":"https:\/\/api.w.org\/{rel}","templated":true}]}}