{"id":8132,"date":"2025-09-02T21:27:12","date_gmt":"2025-09-03T00:27:12","guid":{"rendered":"https:\/\/cartaamazonia.com.br\/carta-maps-cop30\/?page_id=8132"},"modified":"2026-01-24T11:04:46","modified_gmt":"2026-01-24T14:04:46","slug":"mapas","status":"publish","type":"page","link":"https:\/\/cartaamazonia.com.br\/carta-maps-cop30\/mapas\/","title":{"rendered":"Mapas"},"content":{"rendered":"\t\t<div data-elementor-type=\"wp-page\" data-elementor-id=\"8132\" class=\"elementor elementor-8132\" data-elementor-post-type=\"page\">\n\t\t\t\t<div class=\"elementor-element elementor-element-c8614ef e-flex e-con-boxed e-con e-parent\" data-id=\"c8614ef\" data-element_type=\"container\">\n\t\t\t\t\t<div class=\"e-con-inner\">\n\t\t\t\t<div class=\"elementor-element elementor-element-f5ed5fe exad-sticky-section-no exad-glass-effect-no elementor-widget elementor-widget-heading\" data-id=\"f5ed5fe\" data-element_type=\"widget\" data-widget_type=\"heading.default\">\n\t\t\t\t\t<h2 class=\"elementor-heading-title elementor-size-default\"><a href=\"https:\/\/cartaamazonia.com.br\/carta-maps-cop30\/mapas\/\"><span style=\"color:#ac300e\">MAPAS<\/span><br><br><\/a><\/h2>\t\t\t\t<\/div>\n\t\t\t\t\t<\/div>\n\t\t\t\t<\/div>\n\t\t<div class=\"elementor-element elementor-element-65987bb e-flex e-con-boxed e-con e-parent\" data-id=\"65987bb\" data-element_type=\"container\">\n\t\t\t\t\t<div class=\"e-con-inner\">\n\t\t\t\t<div class=\"elementor-element elementor-element-78b0dcd exad-sticky-section-no exad-glass-effect-no elementor-widget elementor-widget-heading\" data-id=\"78b0dcd\" data-element_type=\"widget\" data-widget_type=\"heading.default\">\n\t\t\t\t\t<h4 class=\"elementor-heading-title elementor-size-default\"><br>                                               Mapa das Hospedagens<br><\/h4>\t\t\t\t<\/div>\n\t\t\t\t\t<\/div>\n\t\t\t\t<\/div>\n\t\t<div class=\"elementor-element elementor-element-f3dd7c8 e-flex e-con-boxed e-con e-parent\" data-id=\"f3dd7c8\" data-element_type=\"container\">\n\t\t\t\t\t<div class=\"e-con-inner\">\n\t\t\t\t<div class=\"elementor-element elementor-element-30038bb exad-sticky-section-no exad-glass-effect-no elementor-widget elementor-widget-html\" data-id=\"30038bb\" data-element_type=\"widget\" data-widget_type=\"html.default\">\n\t\t\t\t\t<iframe src=\"https:\/\/www.google.com\/maps\/d\/embed?mid=1kw2xhj2iLz_VXgIBYRs-c3fA0J2PTtA&ehbc=2E312F\" width=\"640\" height=\"480\"><\/iframe>\r\n\t\t\t\t<\/div>\n\t\t\t\t<div class=\"elementor-element elementor-element-4ea0a5d exad-sticky-section-no exad-glass-effect-no elementor-widget elementor-widget-heading\" data-id=\"4ea0a5d\" data-element_type=\"widget\" data-widget_type=\"heading.default\">\n\t\t\t\t\t<h4 class=\"elementor-heading-title elementor-size-default\"><span>                                              Mapa da gastronomia<\/span><br><\/h4>\t\t\t\t<\/div>\n\t\t\t\t<div class=\"elementor-element elementor-element-51877ba exad-sticky-section-no exad-glass-effect-no elementor-widget elementor-widget-html\" data-id=\"51877ba\" data-element_type=\"widget\" data-widget_type=\"html.default\">\n\t\t\t\t\t<iframe src=\"https:\/\/www.google.com\/maps\/d\/embed?mid=1Ku1qae_nABVYg4-uxzVNcUjVn1A4uDg&hl=pt-BR&ehbc=2E312F\" width=\"640\" height=\"480\"><\/iframe>\r\n\t\t\t\t<\/div>\n\t\t\t\t\t<\/div>\n\t\t\t\t<\/div>\n\t\t<div class=\"elementor-element elementor-element-3d69aef e-flex e-con-boxed e-con e-parent\" data-id=\"3d69aef\" data-element_type=\"container\">\n\t\t\t\t\t<div class=\"e-con-inner\">\n\t\t\t\t<div class=\"elementor-element elementor-element-726eed1 exad-sticky-section-no exad-glass-effect-no elementor-widget elementor-widget-heading\" data-id=\"726eed1\" data-element_type=\"widget\" data-widget_type=\"heading.default\">\n\t\t\t\t\t<h2 class=\"elementor-heading-title elementor-size-default\"><h4 class=\"elementor-heading-title elementor-size-default elementor-inline-editing pen\" data-elementor-setting-key=\"title\" data-pen-placeholder=\"Digite aqui...\"><span>Mapa do Circuito Cultural <\/span><\/h4><\/h2>\t\t\t\t<\/div>\n\t\t\t\t\t<\/div>\n\t\t\t\t<\/div>\n\t\t<div class=\"elementor-element elementor-element-e3e3baf e-flex e-con-boxed e-con e-parent\" data-id=\"e3e3baf\" data-element_type=\"container\">\n\t\t\t\t\t<div class=\"e-con-inner\">\n\t\t\t\t<div class=\"elementor-element elementor-element-2ad5389 exad-sticky-section-no exad-glass-effect-no elementor-widget elementor-widget-html\" data-id=\"2ad5389\" data-element_type=\"widget\" data-widget_type=\"html.default\">\n\t\t\t\t\t<iframe src=\"https:\/\/www.google.com\/maps\/d\/embed?mid=1o4y-hbv7NcaaXUPDjEs-Uw7d8PWYD1Q&hl=pt-BR&ehbc=2E312F\" width=\"640\" height=\"480\"><\/iframe>\t\t\t\t<\/div>\n\t\t\t\t\t<\/div>\n\t\t\t\t<\/div>\n\t\t<div class=\"elementor-element elementor-element-ca4e325 e-flex e-con-boxed e-con e-parent\" data-id=\"ca4e325\" data-element_type=\"container\">\n\t\t\t\t\t<div class=\"e-con-inner\">\n\t\t\t\t<div class=\"elementor-element elementor-element-7470512 exad-sticky-section-no exad-glass-effect-no elementor-widget elementor-widget-heading\" data-id=\"7470512\" data-element_type=\"widget\" data-widget_type=\"heading.default\">\n\t\t\t\t\t<h4 class=\"elementor-heading-title elementor-size-default\">Mapa dos Roteiros do C\u00edrio 2025<br><\/h4>\t\t\t\t<\/div>\n\t\t\t\t\t<\/div>\n\t\t\t\t<\/div>\n\t\t<div class=\"elementor-element elementor-element-461eca9 e-flex e-con-boxed e-con e-parent\" data-id=\"461eca9\" data-element_type=\"container\">\n\t\t\t\t\t<div class=\"e-con-inner\">\n\t\t\t\t<div class=\"elementor-element elementor-element-341694e exad-sticky-section-no exad-glass-effect-no elementor-widget elementor-widget-html\" data-id=\"341694e\" data-element_type=\"widget\" data-widget_type=\"html.default\">\n\t\t\t\t\t<iframe src=\"https:\/\/www.google.com\/maps\/d\/embed?mid=1giELuH8vyI8o7UTWas73gmsX2G18WGU&ehbc=2E312F\" width=\"640\" height=\"480\"><\/iframe>\t\t\t\t<\/div>\n\t\t\t\t\t<\/div>\n\t\t\t\t<\/div>\n\t\t<div class=\"elementor-element elementor-element-62ec827 e-flex e-con-boxed e-con e-parent\" data-id=\"62ec827\" data-element_type=\"container\">\n\t\t\t\t\t<div class=\"e-con-inner\">\n\t\t\t\t<div class=\"elementor-element elementor-element-6993018 exad-sticky-section-no exad-glass-effect-no elementor-widget elementor-widget-heading\" data-id=\"6993018\" data-element_type=\"widget\" data-widget_type=\"heading.default\">\n\t\t\t\t\t<h4 class=\"elementor-heading-title elementor-size-default\"><br>Mapa das Organiza\u00e7\u00f5es Socioambientais <br><\/h4>\t\t\t\t<\/div>\n\t\t\t\t\t<\/div>\n\t\t\t\t<\/div>\n\t\t<div class=\"elementor-element elementor-element-74f5577 e-flex e-con-boxed e-con e-parent\" data-id=\"74f5577\" data-element_type=\"container\">\n\t\t\t\t\t<div class=\"e-con-inner\">\n\t\t\t\t<div class=\"elementor-element elementor-element-6a77259 exad-sticky-section-no exad-glass-effect-no elementor-widget elementor-widget-html\" data-id=\"6a77259\" data-element_type=\"widget\" data-widget_type=\"html.default\">\n\t\t\t\t\t<iframe src=\"https:\/\/www.google.com\/maps\/d\/embed?mid=1eqa9seUKfjaZPyUb0xMN15pIIRAW2-Y&hl=pt-BR&ehbc=2E312F\" width=\"640\" height=\"480\"><\/iframe>\t\t\t\t<\/div>\n\t\t\t\t\t<\/div>\n\t\t\t\t<\/div>\n\t\t<div class=\"elementor-element elementor-element-6d7820b e-flex e-con-boxed e-con e-parent\" data-id=\"6d7820b\" data-element_type=\"container\">\n\t\t\t\t\t<div class=\"e-con-inner\">\n\t\t\t\t<div class=\"elementor-element elementor-element-958d1aa exad-sticky-section-no exad-glass-effect-no elementor-widget elementor-widget-heading\" data-id=\"958d1aa\" data-element_type=\"widget\" data-widget_type=\"heading.default\">\n\t\t\t\t\t<h4 class=\"elementor-heading-title elementor-size-default\">Mapa da Mobilidade Urbana COP30<br><\/h4>\t\t\t\t<\/div>\n\t\t\t\t\t<\/div>\n\t\t\t\t<\/div>\n\t\t<div class=\"elementor-element elementor-element-e811602 e-flex e-con-boxed e-con e-parent\" data-id=\"e811602\" data-element_type=\"container\">\n\t\t\t\t\t<div class=\"e-con-inner\">\n\t\t\t\t<div class=\"elementor-element elementor-element-98e2a7c exad-sticky-section-no exad-glass-effect-no elementor-widget elementor-widget-html\" data-id=\"98e2a7c\" data-element_type=\"widget\" data-widget_type=\"html.default\">\n\t\t\t\t\t<iframe src=\"https:\/\/www.google.com\/maps\/d\/embed?mid=1ee4g9PpFCmRnL6ol8pac6ptAee6w7Js&hl=pt-BR&ehbc=2E312F\" width=\"640\" height=\"480\"><\/iframe>\t\t\t\t<\/div>\n\t\t\t\t\t<\/div>\n\t\t\t\t<\/div>\n\t\t<div class=\"elementor-element elementor-element-e0b6da0 e-flex e-con-boxed e-con e-parent\" data-id=\"e0b6da0\" data-element_type=\"container\">\n\t\t\t\t\t<div class=\"e-con-inner\">\n\t\t\t\t\t<\/div>\n\t\t\t\t<\/div>\n\t\t<div class=\"elementor-element elementor-element-4092b93 e-flex e-con-boxed e-con e-parent\" data-id=\"4092b93\" data-element_type=\"container\">\n\t\t\t\t\t<div class=\"e-con-inner\">\n\t\t\t\t<div class=\"elementor-element elementor-element-ac1a4f4 exad-sticky-section-no exad-glass-effect-no elementor-widget elementor-widget-heading\" data-id=\"ac1a4f4\" data-element_type=\"widget\" data-widget_type=\"heading.default\">\n\t\t\t\t\t<h4 class=\"elementor-heading-title elementor-size-default\">Mapa das Unidades de Sa\u00fade P\u00fablica - COP30<br><\/h4>\t\t\t\t<\/div>\n\t\t\t\t\t<\/div>\n\t\t\t\t<\/div>\n\t\t<div class=\"elementor-element elementor-element-9b6ec8e e-flex e-con-boxed e-con e-parent\" data-id=\"9b6ec8e\" data-element_type=\"container\">\n\t\t\t\t\t<div class=\"e-con-inner\">\n\t\t\t\t<div class=\"elementor-element elementor-element-053fcc6 exad-sticky-section-no exad-glass-effect-no elementor-widget elementor-widget-html\" data-id=\"053fcc6\" data-element_type=\"widget\" data-widget_type=\"html.default\">\n\t\t\t\t\t<iframe src=\"https:\/\/www.google.com\/maps\/d\/embed?mid=1Vs-q8qRpnnsvDE0iMkNVvUUTUBBESpc&hl=pt-BR&ehbc=2E312F\" width=\"640\" height=\"480\"><\/iframe>\t\t\t\t<\/div>\n\t\t\t\t\t<\/div>\n\t\t\t\t<\/div>\n\t\t<div class=\"elementor-element elementor-element-1315dea e-flex e-con-boxed e-con e-parent\" data-id=\"1315dea\" data-element_type=\"container\">\n\t\t\t\t\t<div class=\"e-con-inner\">\n\t\t\t\t<div class=\"elementor-element elementor-element-3817f03 exad-sticky-section-no exad-glass-effect-no elementor-widget elementor-widget-heading\" data-id=\"3817f03\" data-element_type=\"widget\" data-widget_type=\"heading.default\">\n\t\t\t\t\t<h4 class=\"elementor-heading-title elementor-size-default\">Mapa do \"Rock Doido\"<\/h4>\t\t\t\t<\/div>\n\t\t\t\t<div class=\"elementor-element elementor-element-be2b914 exad-sticky-section-no exad-glass-effect-no elementor-widget elementor-widget-html\" data-id=\"be2b914\" data-element_type=\"widget\" data-widget_type=\"html.default\">\n\t\t\t\t\t<iframe src=\"https:\/\/www.google.com\/maps\/d\/embed?mid=1_yCXqYYH-q2JeG_0NvRiuqGJpSiD7ko&ehbc=2E312F\" width=\"640\" height=\"480\"><\/iframe>\t\t\t\t<\/div>\n\t\t\t\t\t<\/div>\n\t\t\t\t<\/div>\n\t\t<div class=\"elementor-element elementor-element-0fc0d4c e-flex e-con-boxed e-con e-parent\" data-id=\"0fc0d4c\" data-element_type=\"container\">\n\t\t\t\t\t<div class=\"e-con-inner\">\n\t\t<div class=\"elementor-element elementor-element-05ece86 e-con-full e-flex e-con e-child\" data-id=\"05ece86\" data-element_type=\"container\">\n\t\t\t\t<\/div>\n\t\t\t\t\t<\/div>\n\t\t\t\t<\/div>\n\t\t\t\t<\/div>\n\t\t","protected":false},"excerpt":{"rendered":"<p>MAPAS Mapa das Hospedagens Mapa da gastronomia Mapa do Circuito Cultural Mapa dos Roteiros do C\u00edrio 2025 Mapa das Organiza\u00e7\u00f5es Socioambientais Mapa da Mobilidade Urbana COP30 Mapa das Unidades de Sa\u00fade P\u00fablica &#8211; COP30 Mapa do &#8220;Rock Doido&#8221;<\/p>\n","protected":false},"author":1,"featured_media":8337,"parent":0,"menu_order":0,"comment_status":"closed","ping_status":"closed","template":"","meta":{"footnotes":""},"class_list":["post-8132","page","type-page","status-publish","has-post-thumbnail","hentry"],"_links":{"self":[{"href":"https:\/\/cartaamazonia.com.br\/carta-maps-cop30\/wp-json\/wp\/v2\/pages\/8132","targetHints":{"allow":["GET"]}}],"collection":[{"href":"https:\/\/cartaamazonia.com.br\/carta-maps-cop30\/wp-json\/wp\/v2\/pages"}],"about":[{"href":"https:\/\/cartaamazonia.com.br\/carta-maps-cop30\/wp-json\/wp\/v2\/types\/page"}],"author":[{"embeddable":true,"href":"https:\/\/cartaamazonia.com.br\/carta-maps-cop30\/wp-json\/wp\/v2\/users\/1"}],"replies":[{"embeddable":true,"href":"https:\/\/cartaamazonia.com.br\/carta-maps-cop30\/wp-json\/wp\/v2\/comments?post=8132"}],"version-history":[{"count":136,"href":"https:\/\/cartaamazonia.com.br\/carta-maps-cop30\/wp-json\/wp\/v2\/pages\/8132\/revisions"}],"predecessor-version":[{"id":8729,"href":"https:\/\/cartaamazonia.com.br\/carta-maps-cop30\/wp-json\/wp\/v2\/pages\/8132\/revisions\/8729"}],"wp:featuredmedia":[{"embeddable":true,"href":"https:\/\/cartaamazonia.com.br\/carta-maps-cop30\/wp-json\/wp\/v2\/media\/8337"}],"wp:attachment":[{"href":"https:\/\/cartaamazonia.com.br\/carta-maps-cop30\/wp-json\/wp\/v2\/media?parent=8132"}],"curies":[{"name":"wp","href":"https:\/\/api.w.org\/{rel}","templated":true}]}}